{"id":6538,"date":"2025-12-10T14:32:32","date_gmt":"2025-12-10T13:32:32","guid":{"rendered":"https:\/\/www.donadonsdd.com\/product\/discos-de-rutura-sanitarios-scd-protecao-avancada-contra-a-pressao-para-industrias-higienicas\/"},"modified":"2026-02-28T00:22:11","modified_gmt":"2026-02-27T23:22:11","slug":"scd-sanitary","status":"publish","type":"product","link":"https:\/\/www.donadonsdd.com\/pt-pt\/produto\/scd-sanitary\/","title":{"rendered":"Discos de rutura sanit\u00e1rios SCD &#8211; Prote\u00e7\u00e3o avan\u00e7ada contra a press\u00e3o para ind\u00fastrias higi\u00e9nicas"},"content":{"rendered":"<p>Os Discos de rutura de a\u00e7\u00e3o frontal SCD da DonadonSDD s\u00e3o dispositivos de seguran\u00e7a vitais que evitam que varia\u00e7\u00f5es s\u00fabitas de press\u00e3o danifiquem as instala\u00e7\u00f5es industriais. Os Discos de rutura Forward acting t\u00eam uma curvatura c\u00f4ncava que permanece inalterada sob press\u00e3o de funcionamento at\u00e9 que a press\u00e3o de ajuste seja atingida, o que pode garantir uma longa vida \u00fatil. Os discos de rutura SCD da DonadonSDD proporcionam uma prote\u00e7\u00e3o fi\u00e1vel e precisa nas mais diversas e exigentes aplica\u00e7\u00f5es, tornando os discos de rutura SCD da DonadonSDD a melhor escolha para a seguran\u00e7a da sua f\u00e1brica. Os discos de rutura SCD Forward acting s\u00e3o um dos discos mais vers\u00e1teis: utiliz\u00e1veis para qualquer tipo de fluxo de fluido, ideais para o processo de polimeriza\u00e7\u00e3o, capazes de atingir uma ampla gama de press\u00f5es.   <\/p>\n<h2>Principais carater\u00edsticas e vantagens t\u00e9cnicas<\/h2>\n<h3>Aplica\u00e7\u00f5es higi\u00e9nicas:<\/h3>\n<p>Concebida para cumprir as normas de alta qualidade exigidas pela 3-A SSI, GMP e MOCA para garantir a sa\u00fade p\u00fablica atrav\u00e9s de equipamento higi\u00e9nico.<\/p>\n<h3>Superf\u00edcie lisa:<\/h3>\n<p>Acabamento superficial liso (0,2&lt;Ra&lt;0,4 m\u00edcron) no lado do processo torna-o particularmente adequado para tratamentos C.I.P. e S.I.P. para manter as condi\u00e7\u00f5es ass\u00e9pticas.<\/p>\n<h3>Juntas certificadas pela FDA:<\/h3>\n<p>As juntas de PTFE, certificadas em conformidade com as normas FDA e USP classe VI, 3-A, e Eu 10\/2011, facilitam a instala\u00e7\u00e3o em acess\u00f3rios Clamp (sanit\u00e1rios, Tri-Clamp, Tank Connection).<\/p>\n<h3>Elevados padr\u00f5es de certifica\u00e7\u00e3o:<\/h3>\n<p>Os nossos discos de rutura SCD obtiveram as mais altas certifica\u00e7\u00f5es, incluindo PED 2014\/68\/UE (CE STAMP), ATEX EX II 2 GD (CE STAMP), PER 2016 UK Statutory Instruments 2016 No 1105 (UKCA STAMP) e CU TR 032 (EAC STAMP)<\/p>\n<h3>Tecnologia avan\u00e7ada:<\/h3>\n<p>Os discos de rutura SCD obtidos com a nossa tecnologia patenteada Nanoscored s\u00e3o discos carregados por compress\u00e3o com uma abertura de sec\u00e7\u00e3o calibrada micro-calibrada em p\u00e9talas, com 6 marcas radiais.<\/p>\n<h3>Desempenho fi\u00e1vel:<\/h3>\n<p>Resiste a milhares de ciclos sem comprometer a sua fiabilidade, com rela\u00e7\u00f5es at\u00e9 85% entre a press\u00e3o de funcionamento e a press\u00e3o de rutura.<\/p>\n<h3>Rutura R\u00e1pida N\u00e3o Fragmentada:<\/h3>\n<p>O disco SCD reage a sobrepress\u00f5es em apenas alguns milissegundos com abertura total ao longo das linhas de p\u00e9talas marcadas no lado a jusante do disco sem fragmenta\u00e7\u00e3o.<\/p>\n<h3>Resistente a alta press\u00e3o\/v\u00e1cuo:<\/h3>\n<p>Em muitos casos, pode ser submetido a condi\u00e7\u00f5es de v\u00e1cuo absoluto sem a necessidade de suportes, evitando restri\u00e7\u00f5es na \u00e1rea de descarga.<\/p>\n<h2>Por que escolher os discos de rutura DonadonSDD SCD?<\/h2>\n<ul>\n<li>Design de \u00faltima gera\u00e7\u00e3o: Particularmente adequado para as ind\u00fastrias farmac\u00eautica, alimentar e biotecnol\u00f3gica.<\/li>\n<li>A constru\u00e7\u00e3o em a\u00e7o inoxid\u00e1vel, a superf\u00edcie lisa e as juntas certificadas pela FDA garantem elevados n\u00edveis de higiene e condi\u00e7\u00f5es ass\u00e9pticas.<\/li>\n<li>As capacidades de rutura r\u00e1pida evitam a fragmenta\u00e7\u00e3o e garantem a m\u00e1xima seguran\u00e7a para aplica\u00e7\u00f5es industriais.<\/li>\n<li>Vasta gama de materiais e op\u00e7\u00f5es de espessura; revestimento em PTFE ou PFA (aprovado pela FDA) dispon\u00edvel para prote\u00e7\u00e3o adicional.<\/li>\n<li>Pode ser submetido a condi\u00e7\u00f5es de v\u00e1cuo sem necessidade de suportes.<\/li>\n<\/ul>\n","protected":false},"excerpt":{"rendered":"<p>Os Discos de rutura de a\u00e7\u00e3o frontal SCD da DonadonSDD s\u00e3o dispositivos de seguran\u00e7a vitais que evitam que varia\u00e7\u00f5es s\u00fabitas de press\u00e3o danifiquem as instala\u00e7\u00f5es industriais. Os Discos de rutura Forward acting t\u00eam uma curvatura c\u00f4ncava que permanece inalterada sob press\u00e3o de funcionamento at\u00e9 que a press\u00e3o de ajuste seja atingida, o que pode garantir [&hellip;]<\/p>\n","protected":false},"featured_media":10336,"menu_order":0,"template":"","meta":{"_acf_changed":false},"categoria_prodotto":[79,84],"class_list":["post-6538","product","type-product","status-publish","has-post-thumbnail","hentry","categoria_prodotto-rupture-discs","categoria_prodotto-sanitary"],"acf":[],"yoast_head":"<!-- This site is optimized with the Yoast SEO plugin v27.3 - https:\/\/yoast.com\/product\/yoast-seo-wordpress\/ -->\n<title>Disco de rutura sanit\u00e1rio de a\u00e7\u00e3o frontal - SCD<\/title>\n<meta name=\"description\" content=\"Disco de rutura higi\u00e9nico de a\u00e7\u00e3o direta para aplica\u00e7\u00f5es farmac\u00eauticas, alimentares e biotecnol\u00f3gicas. Design sem fragmenta\u00e7\u00e3o, resistente ao v\u00e1cuo, adequado para processos limpos e ass\u00e9pticos, em conformidade com ASME e PED, certificado ATEX e 3-A.\" \/>\n<meta name=\"robots\" content=\"index, follow, max-snippet:-1, max-image-preview:large, max-video-preview:-1\" \/>\n<link rel=\"canonical\" href=\"https:\/\/www.donadonsdd.com\/pt-pt\/produto\/scd-sanitary\/\" \/>\n<meta property=\"og:locale\" content=\"pt_PT\" \/>\n<meta property=\"og:type\" content=\"article\" \/>\n<meta property=\"og:title\" content=\"Disco de rutura sanit\u00e1rio de a\u00e7\u00e3o frontal - SCD\" \/>\n<meta property=\"og:description\" content=\"Disco de rutura higi\u00e9nico de a\u00e7\u00e3o direta para aplica\u00e7\u00f5es farmac\u00eauticas, alimentares e biotecnol\u00f3gicas. Design sem fragmenta\u00e7\u00e3o, resistente ao v\u00e1cuo, adequado para processos limpos e ass\u00e9pticos, em conformidade com ASME e PED, certificado ATEX e 3-A.\" \/>\n<meta property=\"og:url\" content=\"https:\/\/www.donadonsdd.com\/pt-pt\/produto\/scd-sanitary\/\" \/>\n<meta property=\"og:site_name\" content=\"DonadonSDD Srl\" \/>\n<meta property=\"article:modified_time\" content=\"2026-02-27T23:22:11+00:00\" \/>\n<meta property=\"og:image\" content=\"https:\/\/www.donadonsdd.com\/wp-content\/uploads\/2025\/12\/donadon-sdd-scd-sanitary-rupture-discs.png\" \/>\n\t<meta property=\"og:image:width\" content=\"1800\" \/>\n\t<meta property=\"og:image:height\" content=\"1200\" \/>\n\t<meta property=\"og:image:type\" content=\"image\/png\" \/>\n<meta name=\"twitter:card\" content=\"summary_large_image\" \/>\n<meta name=\"twitter:label1\" content=\"Tempo estimado de leitura\" \/>\n\t<meta name=\"twitter:data1\" content=\"3 minutos\" \/>\n<script type=\"application\/ld+json\" class=\"yoast-schema-graph\">{\"@context\":\"https:\\\/\\\/schema.org\",\"@graph\":[{\"@type\":\"WebPage\",\"@id\":\"https:\\\/\\\/www.donadonsdd.com\\\/pt-pt\\\/produto\\\/scd-sanitary\\\/\",\"url\":\"https:\\\/\\\/www.donadonsdd.com\\\/pt-pt\\\/produto\\\/scd-sanitary\\\/\",\"name\":\"Disco de rutura sanit\u00e1rio de a\u00e7\u00e3o frontal - SCD\",\"isPartOf\":{\"@id\":\"https:\\\/\\\/www.donadonsdd.com\\\/pt-pt\\\/#website\"},\"primaryImageOfPage\":{\"@id\":\"https:\\\/\\\/www.donadonsdd.com\\\/pt-pt\\\/produto\\\/scd-sanitary\\\/#primaryimage\"},\"image\":{\"@id\":\"https:\\\/\\\/www.donadonsdd.com\\\/pt-pt\\\/produto\\\/scd-sanitary\\\/#primaryimage\"},\"thumbnailUrl\":\"https:\\\/\\\/www.donadonsdd.com\\\/wp-content\\\/uploads\\\/2025\\\/12\\\/donadon-sdd-scd-sanitary-rupture-discs.png\",\"datePublished\":\"2025-12-10T13:32:32+00:00\",\"dateModified\":\"2026-02-27T23:22:11+00:00\",\"description\":\"Disco de rutura higi\u00e9nico de a\u00e7\u00e3o direta para aplica\u00e7\u00f5es farmac\u00eauticas, alimentares e biotecnol\u00f3gicas. Design sem fragmenta\u00e7\u00e3o, resistente ao v\u00e1cuo, adequado para processos limpos e ass\u00e9pticos, em conformidade com ASME e PED, certificado ATEX e 3-A.\",\"breadcrumb\":{\"@id\":\"https:\\\/\\\/www.donadonsdd.com\\\/pt-pt\\\/produto\\\/scd-sanitary\\\/#breadcrumb\"},\"inLanguage\":\"pt-PT\",\"potentialAction\":[{\"@type\":\"ReadAction\",\"target\":[\"https:\\\/\\\/www.donadonsdd.com\\\/pt-pt\\\/produto\\\/scd-sanitary\\\/\"]}]},{\"@type\":\"ImageObject\",\"inLanguage\":\"pt-PT\",\"@id\":\"https:\\\/\\\/www.donadonsdd.com\\\/pt-pt\\\/produto\\\/scd-sanitary\\\/#primaryimage\",\"url\":\"https:\\\/\\\/www.donadonsdd.com\\\/wp-content\\\/uploads\\\/2025\\\/12\\\/donadon-sdd-scd-sanitary-rupture-discs.png\",\"contentUrl\":\"https:\\\/\\\/www.donadonsdd.com\\\/wp-content\\\/uploads\\\/2025\\\/12\\\/donadon-sdd-scd-sanitary-rupture-discs.png\",\"width\":1800,\"height\":1200,\"caption\":\"donadon sdd scd sanitary rupture discs\"},{\"@type\":\"BreadcrumbList\",\"@id\":\"https:\\\/\\\/www.donadonsdd.com\\\/pt-pt\\\/produto\\\/scd-sanitary\\\/#breadcrumb\",\"itemListElement\":[{\"@type\":\"ListItem\",\"position\":1,\"name\":\"HOMEPAGE\",\"item\":\"https:\\\/\\\/www.donadonsdd.com\\\/pt-pt\\\/\"},{\"@type\":\"ListItem\",\"position\":2,\"name\":\"Discos de rutura sanit\u00e1rios SCD &#8211; Prote\u00e7\u00e3o avan\u00e7ada contra a press\u00e3o para ind\u00fastrias higi\u00e9nicas\"}]},{\"@type\":\"WebSite\",\"@id\":\"https:\\\/\\\/www.donadonsdd.com\\\/pt-pt\\\/#website\",\"url\":\"https:\\\/\\\/www.donadonsdd.com\\\/pt-pt\\\/\",\"name\":\"DonadonSDD Srl\",\"description\":\"\",\"publisher\":{\"@id\":\"https:\\\/\\\/www.donadonsdd.com\\\/pt-pt\\\/#organization\"},\"potentialAction\":[{\"@type\":\"SearchAction\",\"target\":{\"@type\":\"EntryPoint\",\"urlTemplate\":\"https:\\\/\\\/www.donadonsdd.com\\\/pt-pt\\\/?s={search_term_string}\"},\"query-input\":{\"@type\":\"PropertyValueSpecification\",\"valueRequired\":true,\"valueName\":\"search_term_string\"}}],\"inLanguage\":\"pt-PT\"},{\"@type\":\"Organization\",\"@id\":\"https:\\\/\\\/www.donadonsdd.com\\\/pt-pt\\\/#organization\",\"name\":\"DonadonSDD Srl\",\"url\":\"https:\\\/\\\/www.donadonsdd.com\\\/pt-pt\\\/\",\"logo\":{\"@type\":\"ImageObject\",\"inLanguage\":\"pt-PT\",\"@id\":\"https:\\\/\\\/www.donadonsdd.com\\\/pt-pt\\\/#\\\/schema\\\/logo\\\/image\\\/\",\"url\":\"https:\\\/\\\/www.donadonsdd.com\\\/wp-content\\\/uploads\\\/2025\\\/11\\\/donadonsdd-logo.png\",\"contentUrl\":\"https:\\\/\\\/www.donadonsdd.com\\\/wp-content\\\/uploads\\\/2025\\\/11\\\/donadonsdd-logo.png\",\"width\":544,\"height\":96,\"caption\":\"DonadonSDD Srl\"},\"image\":{\"@id\":\"https:\\\/\\\/www.donadonsdd.com\\\/pt-pt\\\/#\\\/schema\\\/logo\\\/image\\\/\"}}]}<\/script>\n<!-- \/ Yoast SEO plugin. -->","yoast_head_json":{"title":"Disco de rutura sanit\u00e1rio de a\u00e7\u00e3o frontal - SCD","description":"Disco de rutura higi\u00e9nico de a\u00e7\u00e3o direta para aplica\u00e7\u00f5es farmac\u00eauticas, alimentares e biotecnol\u00f3gicas. Design sem fragmenta\u00e7\u00e3o, resistente ao v\u00e1cuo, adequado para processos limpos e ass\u00e9pticos, em conformidade com ASME e PED, certificado ATEX e 3-A.","robots":{"index":"index","follow":"follow","max-snippet":"max-snippet:-1","max-image-preview":"max-image-preview:large","max-video-preview":"max-video-preview:-1"},"canonical":"https:\/\/www.donadonsdd.com\/pt-pt\/produto\/scd-sanitary\/","og_locale":"pt_PT","og_type":"article","og_title":"Disco de rutura sanit\u00e1rio de a\u00e7\u00e3o frontal - SCD","og_description":"Disco de rutura higi\u00e9nico de a\u00e7\u00e3o direta para aplica\u00e7\u00f5es farmac\u00eauticas, alimentares e biotecnol\u00f3gicas. Design sem fragmenta\u00e7\u00e3o, resistente ao v\u00e1cuo, adequado para processos limpos e ass\u00e9pticos, em conformidade com ASME e PED, certificado ATEX e 3-A.","og_url":"https:\/\/www.donadonsdd.com\/pt-pt\/produto\/scd-sanitary\/","og_site_name":"DonadonSDD Srl","article_modified_time":"2026-02-27T23:22:11+00:00","og_image":[{"width":1800,"height":1200,"url":"https:\/\/www.donadonsdd.com\/wp-content\/uploads\/2025\/12\/donadon-sdd-scd-sanitary-rupture-discs.png","type":"image\/png"}],"twitter_card":"summary_large_image","twitter_misc":{"Tempo estimado de leitura":"3 minutos"},"schema":{"@context":"https:\/\/schema.org","@graph":[{"@type":"WebPage","@id":"https:\/\/www.donadonsdd.com\/pt-pt\/produto\/scd-sanitary\/","url":"https:\/\/www.donadonsdd.com\/pt-pt\/produto\/scd-sanitary\/","name":"Disco de rutura sanit\u00e1rio de a\u00e7\u00e3o frontal - SCD","isPartOf":{"@id":"https:\/\/www.donadonsdd.com\/pt-pt\/#website"},"primaryImageOfPage":{"@id":"https:\/\/www.donadonsdd.com\/pt-pt\/produto\/scd-sanitary\/#primaryimage"},"image":{"@id":"https:\/\/www.donadonsdd.com\/pt-pt\/produto\/scd-sanitary\/#primaryimage"},"thumbnailUrl":"https:\/\/www.donadonsdd.com\/wp-content\/uploads\/2025\/12\/donadon-sdd-scd-sanitary-rupture-discs.png","datePublished":"2025-12-10T13:32:32+00:00","dateModified":"2026-02-27T23:22:11+00:00","description":"Disco de rutura higi\u00e9nico de a\u00e7\u00e3o direta para aplica\u00e7\u00f5es farmac\u00eauticas, alimentares e biotecnol\u00f3gicas. Design sem fragmenta\u00e7\u00e3o, resistente ao v\u00e1cuo, adequado para processos limpos e ass\u00e9pticos, em conformidade com ASME e PED, certificado ATEX e 3-A.","breadcrumb":{"@id":"https:\/\/www.donadonsdd.com\/pt-pt\/produto\/scd-sanitary\/#breadcrumb"},"inLanguage":"pt-PT","potentialAction":[{"@type":"ReadAction","target":["https:\/\/www.donadonsdd.com\/pt-pt\/produto\/scd-sanitary\/"]}]},{"@type":"ImageObject","inLanguage":"pt-PT","@id":"https:\/\/www.donadonsdd.com\/pt-pt\/produto\/scd-sanitary\/#primaryimage","url":"https:\/\/www.donadonsdd.com\/wp-content\/uploads\/2025\/12\/donadon-sdd-scd-sanitary-rupture-discs.png","contentUrl":"https:\/\/www.donadonsdd.com\/wp-content\/uploads\/2025\/12\/donadon-sdd-scd-sanitary-rupture-discs.png","width":1800,"height":1200,"caption":"donadon sdd scd sanitary rupture discs"},{"@type":"BreadcrumbList","@id":"https:\/\/www.donadonsdd.com\/pt-pt\/produto\/scd-sanitary\/#breadcrumb","itemListElement":[{"@type":"ListItem","position":1,"name":"HOMEPAGE","item":"https:\/\/www.donadonsdd.com\/pt-pt\/"},{"@type":"ListItem","position":2,"name":"Discos de rutura sanit\u00e1rios SCD &#8211; Prote\u00e7\u00e3o avan\u00e7ada contra a press\u00e3o para ind\u00fastrias higi\u00e9nicas"}]},{"@type":"WebSite","@id":"https:\/\/www.donadonsdd.com\/pt-pt\/#website","url":"https:\/\/www.donadonsdd.com\/pt-pt\/","name":"DonadonSDD Srl","description":"","publisher":{"@id":"https:\/\/www.donadonsdd.com\/pt-pt\/#organization"},"potentialAction":[{"@type":"SearchAction","target":{"@type":"EntryPoint","urlTemplate":"https:\/\/www.donadonsdd.com\/pt-pt\/?s={search_term_string}"},"query-input":{"@type":"PropertyValueSpecification","valueRequired":true,"valueName":"search_term_string"}}],"inLanguage":"pt-PT"},{"@type":"Organization","@id":"https:\/\/www.donadonsdd.com\/pt-pt\/#organization","name":"DonadonSDD Srl","url":"https:\/\/www.donadonsdd.com\/pt-pt\/","logo":{"@type":"ImageObject","inLanguage":"pt-PT","@id":"https:\/\/www.donadonsdd.com\/pt-pt\/#\/schema\/logo\/image\/","url":"https:\/\/www.donadonsdd.com\/wp-content\/uploads\/2025\/11\/donadonsdd-logo.png","contentUrl":"https:\/\/www.donadonsdd.com\/wp-content\/uploads\/2025\/11\/donadonsdd-logo.png","width":544,"height":96,"caption":"DonadonSDD Srl"},"image":{"@id":"https:\/\/www.donadonsdd.com\/pt-pt\/#\/schema\/logo\/image\/"}}]}},"toolset-meta":{"toolset-woocommerce-fields":{"_download_limit":{"type":"numeric","raw":""},"_virtual":{"type":"checkbox","raw":""},"_downloadable":{"type":"checkbox","raw":""},"_download_expiry":{"type":"numeric","raw":""},"_download_type":{"type":"radio","raw":""},"_regular_price":{"type":"numeric","raw":""},"_sale_price":{"type":"numeric","raw":""},"_sale_price_dates_from":{"type":"date","raw":"","formatted":null},"_sale_price_dates_to":{"type":"date","raw":"","formatted":null},"_sku":{"type":"textfield","raw":""},"_manage_stock":{"type":"checkbox","raw":""},"_stock_status":{"type":"radio","raw":""},"_stock":{"type":"numeric","raw":""},"_backorders":{"type":"radio","raw":""},"_sold_individually":{"type":"checkbox","raw":""},"_width":{"type":"numeric","raw":""},"_weight":{"type":"numeric","raw":""},"_length":{"type":"numeric","raw":""},"_purchase_note":{"type":"textarea","raw":""}},"infografica":{"operation-ratio":{"type":"textfield","raw":"at\u00e9 85%"},"non-fragmenting":{"type":"textfield","raw":"sim"},"vacumm-resistant":{"type":"textfield","raw":"sim"},"sanitary":{"type":"textfield","raw":"sim"},"liquid":{"type":"textfield","raw":"sim"},"vapor-gas":{"type":"textfield","raw":"sim"},"ferrules":{"type":"textfield","raw":""}},"dettagli-prodotto":{"immagini-prodotto":{"type":"image","raw":["https:\/\/www.donadonsdd.com\/wp-content\/uploads\/2025\/12\/donadon-8_result.webp","https:\/\/www.donadonsdd.com\/wp-content\/uploads\/2025\/12\/donadon-9_result.webp"],"repeatable":[{"raw":"https:\/\/www.donadonsdd.com\/wp-content\/uploads\/2025\/12\/donadon-8_result.webp","attachment_id":6542},{"raw":"https:\/\/www.donadonsdd.com\/wp-content\/uploads\/2025\/12\/donadon-9_result.webp","attachment_id":6543}]},"tabella-specifiche":{"type":"wysiwyg","raw":"<p class=\"p1\">MODEL|SCD;\nMATERIAIS|A\u00e7o inoxid\u00e1vel, Liga 201, Liga 400, Liga 600, Liga 625, Liga C276, Tit\u00e2nio;\nMATERIAIS DAS JUNTAS|PTFE;\nDIMENS\u00d5ES|De DN25 (1 polegada) a DN150 (6 polegadas);\nPRESS\u00c3O DE RUPTURA|1 - 10 bar g (dependendo do tamanho e do material);\nKR GL|1.33;\nTOLER\u00c2NCIA|de +\/- 5 % a +\/- 20%;\nTEMPERATURA DE FUNCIONAMENTO|M\u00e1x 260\u00b0C (juntas em PTFE);\nFRAGMENTA\u00c7\u00c3O|N\u00e3o;\nUTILIZA\u00c7\u00c3O EM COMBINA\u00c7\u00c3O COM PSV|Adequado;\nMARGEM DE FUNCIONAMENTO|Pode atingir at\u00e9 85%, dependendo das condi\u00e7\u00f5es de servi\u00e7o;\nRESIST\u00caNCIA \u00c0 PRESS\u00c3O DE V\u00c1CUO|Sim, autossustent\u00e1vel em condi\u00e7\u00f5es de v\u00e1cuo;\nRESIST\u00caNCIA \u00c0 CORROS\u00c3O|Muito bom;\nRevestimentos|Dispon\u00edveis em PTFE e PFA;\nHOLDER| <a href=\"https:\/\/www.donadonsdd.com\/pt-pt\/produto\/htc\/\">HTC<\/a>;\nSENSOR DE RUPTURA| <a href=\"https:\/\/www.donadonsdd.com\/pt-pt\/produtos\/sensores-de-ruptura\/eletrico\/\">El\u00e9trico<\/a>;<\/p>"}}},"_links":{"self":[{"href":"https:\/\/www.donadonsdd.com\/pt-pt\/wp-json\/wp\/v2\/product\/6538","targetHints":{"allow":["GET"]}}],"collection":[{"href":"https:\/\/www.donadonsdd.com\/pt-pt\/wp-json\/wp\/v2\/product"}],"about":[{"href":"https:\/\/www.donadonsdd.com\/pt-pt\/wp-json\/wp\/v2\/types\/product"}],"wp:featuredmedia":[{"embeddable":true,"href":"https:\/\/www.donadonsdd.com\/pt-pt\/wp-json\/wp\/v2\/media\/10336"}],"wp:attachment":[{"href":"https:\/\/www.donadonsdd.com\/pt-pt\/wp-json\/wp\/v2\/media?parent=6538"}],"wp:term":[{"taxonomy":"categoria_prodotto","embeddable":true,"href":"https:\/\/www.donadonsdd.com\/pt-pt\/wp-json\/wp\/v2\/categoria_prodotto?post=6538"}],"curies":[{"name":"wp","href":"https:\/\/api.w.org\/{rel}","templated":true}]}}