{"id":6545,"date":"2025-12-10T01:13:43","date_gmt":"2025-12-10T00:13:43","guid":{"rendered":"https:\/\/www.donadonsdd.com\/product\/discos-de-rutura-scd-protecao-de-pressao-de-precisao-para-instalacoes-industriais\/"},"modified":"2026-04-03T15:40:28","modified_gmt":"2026-04-03T13:40:28","slug":"scd","status":"publish","type":"product","link":"https:\/\/www.donadonsdd.com\/pt-pt\/produto\/scd\/","title":{"rendered":"Discos de rutura SCD &#8211; Prote\u00e7\u00e3o de press\u00e3o de precis\u00e3o para instala\u00e7\u00f5es industriais"},"content":{"rendered":"<p>Os Discos de rutura de a\u00e7\u00e3o frontal SCD da DonadonSDD s\u00e3o dispositivos de seguran\u00e7a vitais que evitam que varia\u00e7\u00f5es s\u00fabitas de press\u00e3o danifiquem as instala\u00e7\u00f5es industriais. Os Discos de rutura Forward acting t\u00eam uma curvatura c\u00f4ncava que permanece inalterada sob press\u00e3o de funcionamento at\u00e9 que a press\u00e3o de ajuste seja atingida, o que pode garantir uma longa vida \u00fatil. Os discos de rutura SCD da DonadonSDD proporcionam uma prote\u00e7\u00e3o fi\u00e1vel e precisa nas mais diversas e exigentes aplica\u00e7\u00f5es, tornando os discos de rutura SCD da DonadonSDD a melhor escolha para a seguran\u00e7a da sua f\u00e1brica. Os discos de rutura SCD Forward acting s\u00e3o um dos discos mais vers\u00e1teis: utiliz\u00e1veis para qualquer tipo de fluxo de fluido, ideais para o processo de polimeriza\u00e7\u00e3o, capazes de atingir uma ampla gama de press\u00f5es.<\/p>\n<h2>Principais carater\u00edsticas e vantagens t\u00e9cnicas<\/h2>\n<h3>Elevados padr\u00f5es de certifica\u00e7\u00e3o:<\/h3>\n<p>Os nossos discos de rutura SCD obtiveram as mais altas certifica\u00e7\u00f5es, incluindo ASME XIII (UD STAMP), PED 2014\/68\/UE (CE STAMP), ATEX EX II 2 GD (CE STAMP), PER 2016 UK Statutory Instruments 2016 No 1105 (UKCA STAMP) e CU TR 032 (EAC STAMP).<\/p>\n<h3>Tecnologia avan\u00e7ada:<\/h3>\n<p>Os discos de rutura SCD obtidos com a nossa tecnologia patenteada Laser NS NanoScored s\u00e3o discos de compress\u00e3o para a frente com sec\u00e7\u00f5es calibradas micro pontuadas que se abrem em p\u00e9talas, reduzindo o risco de descolamento das p\u00e9talas.<\/p>\n<h3>Desempenho fi\u00e1vel:<\/h3>\n<p>Resiste a milhares de ciclos sem comprometer a sua fiabilidade, com rela\u00e7\u00f5es at\u00e9 85% entre a press\u00e3o de funcionamento e a press\u00e3o de rutura.<\/p>\n<h3>Rutura r\u00e1pida:<\/h3>\n<p>Os discos reagem a uma press\u00e3o excessiva em poucos milissegundos com uma abertura total ao longo das linhas de p\u00e9talas marcadas no lado a jusante do disco.<\/p>\n<h3>Alta press\u00e3o de rutura:<\/h3>\n<p>Especialmente adequado para altas press\u00f5es de rutura; pode ser utilizado tanto com g\u00e1s como com l\u00edquidos, em v\u00e1rios processos industriais, em condi\u00e7\u00f5es c\u00edclicas e pulsantes, sem redu\u00e7\u00e3o das margens de seguran\u00e7a.<\/p>\n<h3>Isolamento das v\u00e1lvulas de seguran\u00e7a de press\u00e3o \/ N\u00e3o fragmenta\u00e7\u00e3o:<\/h3>\n<p>Especialmente adequado para a prote\u00e7\u00e3o de v\u00e1lvulas de descompress\u00e3o devido a rupturas ao longo da linha marcada sem gerar fragmentos.<\/p>\n<h3>Resistente \u00e0 corros\u00e3o:<\/h3>\n<p>Vasta gama de materiais e op\u00e7\u00f5es de espessura; revestimento em PTFE dispon\u00edvel para maior prote\u00e7\u00e3o.<\/p>\n<h3>Resist\u00eancia ao v\u00e1cuo elevado:<\/h3>\n<p>Pode, em muitos casos, ser sujeito a condi\u00e7\u00f5es de v\u00e1cuo absoluto sem necessidade de suportes, evitando restri\u00e7\u00f5es na \u00e1rea de descarga. Veda\u00e7\u00e3o O-Ring dispon\u00edvel para reduzir as emiss\u00f5es fugitivas<\/p>\n<h2>Por que escolher os discos de rutura DonadonSDD SCD?<\/h2>\n<ul>\n<li>Certificado de acordo com os mais elevados padr\u00f5es da ind\u00fastria para m\u00e1xima seguran\u00e7a.<\/li>\n<li>Gama de fabrico = ZERO (inclu\u00eddo com ASME)<\/li>\n<li>Krgl (perda de carga por velocidade certificada pela ASME) = 1,33<\/li>\n<li>Pode ser utilizado em configura\u00e7\u00f5es de suporte duplo.<\/li>\n<li>A tecnologia avan\u00e7ada e o design de precis\u00e3o garantem uma prote\u00e7\u00e3o fi\u00e1vel contra a press\u00e3o para aplica\u00e7\u00f5es industriais.<\/li>\n<li>As capacidades de rutura r\u00e1pida e de al\u00edvio de press\u00e3o garantem a m\u00e1xima seguran\u00e7a para aplica\u00e7\u00f5es industriais.<\/li>\n<li>O design resistente \u00e0 corros\u00e3o e as op\u00e7\u00f5es de revestimento em PTFE garantem longevidade e fiabilidade.<\/li>\n<\/ul>\n","protected":false},"excerpt":{"rendered":"<p>Os Discos de rutura de a\u00e7\u00e3o frontal SCD da DonadonSDD s\u00e3o dispositivos de seguran\u00e7a vitais que evitam que varia\u00e7\u00f5es s\u00fabitas de press\u00e3o danifiquem as instala\u00e7\u00f5es industriais. Os Discos de rutura Forward acting t\u00eam uma curvatura c\u00f4ncava que permanece inalterada sob press\u00e3o de funcionamento at\u00e9 que a press\u00e3o de ajuste seja atingida, o que pode garantir [&hellip;]<\/p>\n","protected":false},"featured_media":6548,"menu_order":0,"template":"","meta":{"_acf_changed":false},"categoria_prodotto":[99,85,83,79],"class_list":["post-6545","product","type-product","status-publish","has-post-thumbnail","hentry","categoria_prodotto-asme-approved","categoria_prodotto-forward-acting","categoria_prodotto-ns-nanoscored","categoria_prodotto-rupture-discs"],"acf":[],"yoast_head":"<!-- This site is optimized with the Yoast SEO plugin v27.3 - https:\/\/yoast.com\/product\/yoast-seo-wordpress\/ -->\n<title>Disco de rutura de a\u00e7\u00e3o frontal - SCD<\/title>\n<meta name=\"description\" content=\"Disco de rutura Forward acting para prote\u00e7\u00e3o industrial a press\u00f5es de rutura mais elevadas. Design robusto sem fragmenta\u00e7\u00e3o, resistente ao v\u00e1cuo, adequado para condi\u00e7\u00f5es de processo exigentes, r\u00e1cio de funcionamento at\u00e9 85%, em conformidade com ASME e PED, certificado ATEX.\" \/>\n<meta name=\"robots\" content=\"index, follow, max-snippet:-1, max-image-preview:large, max-video-preview:-1\" \/>\n<link rel=\"canonical\" href=\"https:\/\/www.donadonsdd.com\/pt-pt\/produto\/scd\/\" \/>\n<meta property=\"og:locale\" content=\"pt_PT\" \/>\n<meta property=\"og:type\" content=\"article\" \/>\n<meta property=\"og:title\" content=\"Disco de rutura de a\u00e7\u00e3o frontal - SCD\" \/>\n<meta property=\"og:description\" content=\"Disco de rutura Forward acting para prote\u00e7\u00e3o industrial a press\u00f5es de rutura mais elevadas. Design robusto sem fragmenta\u00e7\u00e3o, resistente ao v\u00e1cuo, adequado para condi\u00e7\u00f5es de processo exigentes, r\u00e1cio de funcionamento at\u00e9 85%, em conformidade com ASME e PED, certificado ATEX.\" \/>\n<meta property=\"og:url\" content=\"https:\/\/www.donadonsdd.com\/pt-pt\/produto\/scd\/\" \/>\n<meta property=\"og:site_name\" content=\"DonadonSDD Srl\" \/>\n<meta property=\"article:modified_time\" content=\"2026-04-03T13:40:28+00:00\" \/>\n<meta property=\"og:image\" content=\"https:\/\/www.donadonsdd.com\/wp-content\/uploads\/2025\/12\/donadon-39-e1766347196550.png\" \/>\n\t<meta property=\"og:image:width\" content=\"1084\" \/>\n\t<meta property=\"og:image:height\" content=\"722\" \/>\n\t<meta property=\"og:image:type\" content=\"image\/png\" \/>\n<meta name=\"twitter:card\" content=\"summary_large_image\" \/>\n<meta name=\"twitter:label1\" content=\"Tempo estimado de leitura\" \/>\n\t<meta name=\"twitter:data1\" content=\"4 minutos\" \/>\n<script type=\"application\/ld+json\" class=\"yoast-schema-graph\">{\"@context\":\"https:\\\/\\\/schema.org\",\"@graph\":[{\"@type\":\"WebPage\",\"@id\":\"https:\\\/\\\/www.donadonsdd.com\\\/pt-pt\\\/produto\\\/scd\\\/\",\"url\":\"https:\\\/\\\/www.donadonsdd.com\\\/pt-pt\\\/produto\\\/scd\\\/\",\"name\":\"Disco de rutura de a\u00e7\u00e3o frontal - SCD\",\"isPartOf\":{\"@id\":\"https:\\\/\\\/www.donadonsdd.com\\\/pt-pt\\\/#website\"},\"primaryImageOfPage\":{\"@id\":\"https:\\\/\\\/www.donadonsdd.com\\\/pt-pt\\\/produto\\\/scd\\\/#primaryimage\"},\"image\":{\"@id\":\"https:\\\/\\\/www.donadonsdd.com\\\/pt-pt\\\/produto\\\/scd\\\/#primaryimage\"},\"thumbnailUrl\":\"https:\\\/\\\/www.donadonsdd.com\\\/wp-content\\\/uploads\\\/2025\\\/12\\\/donadon-39-e1766347196550.png\",\"datePublished\":\"2025-12-10T00:13:43+00:00\",\"dateModified\":\"2026-04-03T13:40:28+00:00\",\"description\":\"Disco de rutura Forward acting para prote\u00e7\u00e3o industrial a press\u00f5es de rutura mais elevadas. Design robusto sem fragmenta\u00e7\u00e3o, resistente ao v\u00e1cuo, adequado para condi\u00e7\u00f5es de processo exigentes, r\u00e1cio de funcionamento at\u00e9 85%, em conformidade com ASME e PED, certificado ATEX.\",\"breadcrumb\":{\"@id\":\"https:\\\/\\\/www.donadonsdd.com\\\/pt-pt\\\/produto\\\/scd\\\/#breadcrumb\"},\"inLanguage\":\"pt-PT\",\"potentialAction\":[{\"@type\":\"ReadAction\",\"target\":[\"https:\\\/\\\/www.donadonsdd.com\\\/pt-pt\\\/produto\\\/scd\\\/\"]}]},{\"@type\":\"ImageObject\",\"inLanguage\":\"pt-PT\",\"@id\":\"https:\\\/\\\/www.donadonsdd.com\\\/pt-pt\\\/produto\\\/scd\\\/#primaryimage\",\"url\":\"https:\\\/\\\/www.donadonsdd.com\\\/wp-content\\\/uploads\\\/2025\\\/12\\\/donadon-39-e1766347196550.png\",\"contentUrl\":\"https:\\\/\\\/www.donadonsdd.com\\\/wp-content\\\/uploads\\\/2025\\\/12\\\/donadon-39-e1766347196550.png\",\"width\":1084,\"height\":722},{\"@type\":\"BreadcrumbList\",\"@id\":\"https:\\\/\\\/www.donadonsdd.com\\\/pt-pt\\\/produto\\\/scd\\\/#breadcrumb\",\"itemListElement\":[{\"@type\":\"ListItem\",\"position\":1,\"name\":\"HOMEPAGE\",\"item\":\"https:\\\/\\\/www.donadonsdd.com\\\/pt-pt\\\/\"},{\"@type\":\"ListItem\",\"position\":2,\"name\":\"Discos de rutura SCD &#8211; Prote\u00e7\u00e3o de press\u00e3o de precis\u00e3o para instala\u00e7\u00f5es industriais\"}]},{\"@type\":\"WebSite\",\"@id\":\"https:\\\/\\\/www.donadonsdd.com\\\/pt-pt\\\/#website\",\"url\":\"https:\\\/\\\/www.donadonsdd.com\\\/pt-pt\\\/\",\"name\":\"DonadonSDD Srl\",\"description\":\"\",\"publisher\":{\"@id\":\"https:\\\/\\\/www.donadonsdd.com\\\/pt-pt\\\/#organization\"},\"potentialAction\":[{\"@type\":\"SearchAction\",\"target\":{\"@type\":\"EntryPoint\",\"urlTemplate\":\"https:\\\/\\\/www.donadonsdd.com\\\/pt-pt\\\/?s={search_term_string}\"},\"query-input\":{\"@type\":\"PropertyValueSpecification\",\"valueRequired\":true,\"valueName\":\"search_term_string\"}}],\"inLanguage\":\"pt-PT\"},{\"@type\":\"Organization\",\"@id\":\"https:\\\/\\\/www.donadonsdd.com\\\/pt-pt\\\/#organization\",\"name\":\"DonadonSDD Srl\",\"url\":\"https:\\\/\\\/www.donadonsdd.com\\\/pt-pt\\\/\",\"logo\":{\"@type\":\"ImageObject\",\"inLanguage\":\"pt-PT\",\"@id\":\"https:\\\/\\\/www.donadonsdd.com\\\/pt-pt\\\/#\\\/schema\\\/logo\\\/image\\\/\",\"url\":\"https:\\\/\\\/www.donadonsdd.com\\\/wp-content\\\/uploads\\\/2025\\\/11\\\/donadonsdd-logo.png\",\"contentUrl\":\"https:\\\/\\\/www.donadonsdd.com\\\/wp-content\\\/uploads\\\/2025\\\/11\\\/donadonsdd-logo.png\",\"width\":544,\"height\":96,\"caption\":\"DonadonSDD Srl\"},\"image\":{\"@id\":\"https:\\\/\\\/www.donadonsdd.com\\\/pt-pt\\\/#\\\/schema\\\/logo\\\/image\\\/\"}}]}<\/script>\n<!-- \/ Yoast SEO plugin. -->","yoast_head_json":{"title":"Disco de rutura de a\u00e7\u00e3o frontal - SCD","description":"Disco de rutura Forward acting para prote\u00e7\u00e3o industrial a press\u00f5es de rutura mais elevadas. Design robusto sem fragmenta\u00e7\u00e3o, resistente ao v\u00e1cuo, adequado para condi\u00e7\u00f5es de processo exigentes, r\u00e1cio de funcionamento at\u00e9 85%, em conformidade com ASME e PED, certificado ATEX.","robots":{"index":"index","follow":"follow","max-snippet":"max-snippet:-1","max-image-preview":"max-image-preview:large","max-video-preview":"max-video-preview:-1"},"canonical":"https:\/\/www.donadonsdd.com\/pt-pt\/produto\/scd\/","og_locale":"pt_PT","og_type":"article","og_title":"Disco de rutura de a\u00e7\u00e3o frontal - SCD","og_description":"Disco de rutura Forward acting para prote\u00e7\u00e3o industrial a press\u00f5es de rutura mais elevadas. Design robusto sem fragmenta\u00e7\u00e3o, resistente ao v\u00e1cuo, adequado para condi\u00e7\u00f5es de processo exigentes, r\u00e1cio de funcionamento at\u00e9 85%, em conformidade com ASME e PED, certificado ATEX.","og_url":"https:\/\/www.donadonsdd.com\/pt-pt\/produto\/scd\/","og_site_name":"DonadonSDD Srl","article_modified_time":"2026-04-03T13:40:28+00:00","og_image":[{"width":1084,"height":722,"url":"https:\/\/www.donadonsdd.com\/wp-content\/uploads\/2025\/12\/donadon-39-e1766347196550.png","type":"image\/png"}],"twitter_card":"summary_large_image","twitter_misc":{"Tempo estimado de leitura":"4 minutos"},"schema":{"@context":"https:\/\/schema.org","@graph":[{"@type":"WebPage","@id":"https:\/\/www.donadonsdd.com\/pt-pt\/produto\/scd\/","url":"https:\/\/www.donadonsdd.com\/pt-pt\/produto\/scd\/","name":"Disco de rutura de a\u00e7\u00e3o frontal - SCD","isPartOf":{"@id":"https:\/\/www.donadonsdd.com\/pt-pt\/#website"},"primaryImageOfPage":{"@id":"https:\/\/www.donadonsdd.com\/pt-pt\/produto\/scd\/#primaryimage"},"image":{"@id":"https:\/\/www.donadonsdd.com\/pt-pt\/produto\/scd\/#primaryimage"},"thumbnailUrl":"https:\/\/www.donadonsdd.com\/wp-content\/uploads\/2025\/12\/donadon-39-e1766347196550.png","datePublished":"2025-12-10T00:13:43+00:00","dateModified":"2026-04-03T13:40:28+00:00","description":"Disco de rutura Forward acting para prote\u00e7\u00e3o industrial a press\u00f5es de rutura mais elevadas. Design robusto sem fragmenta\u00e7\u00e3o, resistente ao v\u00e1cuo, adequado para condi\u00e7\u00f5es de processo exigentes, r\u00e1cio de funcionamento at\u00e9 85%, em conformidade com ASME e PED, certificado ATEX.","breadcrumb":{"@id":"https:\/\/www.donadonsdd.com\/pt-pt\/produto\/scd\/#breadcrumb"},"inLanguage":"pt-PT","potentialAction":[{"@type":"ReadAction","target":["https:\/\/www.donadonsdd.com\/pt-pt\/produto\/scd\/"]}]},{"@type":"ImageObject","inLanguage":"pt-PT","@id":"https:\/\/www.donadonsdd.com\/pt-pt\/produto\/scd\/#primaryimage","url":"https:\/\/www.donadonsdd.com\/wp-content\/uploads\/2025\/12\/donadon-39-e1766347196550.png","contentUrl":"https:\/\/www.donadonsdd.com\/wp-content\/uploads\/2025\/12\/donadon-39-e1766347196550.png","width":1084,"height":722},{"@type":"BreadcrumbList","@id":"https:\/\/www.donadonsdd.com\/pt-pt\/produto\/scd\/#breadcrumb","itemListElement":[{"@type":"ListItem","position":1,"name":"HOMEPAGE","item":"https:\/\/www.donadonsdd.com\/pt-pt\/"},{"@type":"ListItem","position":2,"name":"Discos de rutura SCD &#8211; Prote\u00e7\u00e3o de press\u00e3o de precis\u00e3o para instala\u00e7\u00f5es industriais"}]},{"@type":"WebSite","@id":"https:\/\/www.donadonsdd.com\/pt-pt\/#website","url":"https:\/\/www.donadonsdd.com\/pt-pt\/","name":"DonadonSDD Srl","description":"","publisher":{"@id":"https:\/\/www.donadonsdd.com\/pt-pt\/#organization"},"potentialAction":[{"@type":"SearchAction","target":{"@type":"EntryPoint","urlTemplate":"https:\/\/www.donadonsdd.com\/pt-pt\/?s={search_term_string}"},"query-input":{"@type":"PropertyValueSpecification","valueRequired":true,"valueName":"search_term_string"}}],"inLanguage":"pt-PT"},{"@type":"Organization","@id":"https:\/\/www.donadonsdd.com\/pt-pt\/#organization","name":"DonadonSDD Srl","url":"https:\/\/www.donadonsdd.com\/pt-pt\/","logo":{"@type":"ImageObject","inLanguage":"pt-PT","@id":"https:\/\/www.donadonsdd.com\/pt-pt\/#\/schema\/logo\/image\/","url":"https:\/\/www.donadonsdd.com\/wp-content\/uploads\/2025\/11\/donadonsdd-logo.png","contentUrl":"https:\/\/www.donadonsdd.com\/wp-content\/uploads\/2025\/11\/donadonsdd-logo.png","width":544,"height":96,"caption":"DonadonSDD Srl"},"image":{"@id":"https:\/\/www.donadonsdd.com\/pt-pt\/#\/schema\/logo\/image\/"}}]}},"toolset-meta":{"toolset-woocommerce-fields":{"_download_limit":{"type":"numeric","raw":""},"_virtual":{"type":"checkbox","raw":""},"_downloadable":{"type":"checkbox","raw":""},"_download_expiry":{"type":"numeric","raw":""},"_download_type":{"type":"radio","raw":""},"_regular_price":{"type":"numeric","raw":""},"_sale_price":{"type":"numeric","raw":""},"_sale_price_dates_from":{"type":"date","raw":"","formatted":null},"_sale_price_dates_to":{"type":"date","raw":"","formatted":null},"_sku":{"type":"textfield","raw":""},"_manage_stock":{"type":"checkbox","raw":""},"_stock_status":{"type":"radio","raw":""},"_stock":{"type":"numeric","raw":""},"_backorders":{"type":"radio","raw":""},"_sold_individually":{"type":"checkbox","raw":""},"_width":{"type":"numeric","raw":""},"_weight":{"type":"numeric","raw":""},"_length":{"type":"numeric","raw":""},"_purchase_note":{"type":"textarea","raw":""}},"infografica":{"operation-ratio":{"type":"textfield","raw":"at\u00e9 85%"},"non-fragmenting":{"type":"textfield","raw":"sim"},"vacumm-resistant":{"type":"textfield","raw":"sim"},"sanitary":{"type":"textfield","raw":"n\u00e3o"},"liquid":{"type":"textfield","raw":"sim"},"vapor-gas":{"type":"textfield","raw":"sim"},"ferrules":{"type":"textfield","raw":""}},"dettagli-prodotto":{"immagini-prodotto":{"type":"image","raw":["https:\/\/www.donadonsdd.com\/wp-content\/uploads\/2025\/12\/donadon-40_result.webp","https:\/\/www.donadonsdd.com\/wp-content\/uploads\/2025\/12\/donadon-39_result.webp"],"repeatable":[{"raw":"https:\/\/www.donadonsdd.com\/wp-content\/uploads\/2025\/12\/donadon-40_result.webp","attachment_id":6547},{"raw":"https:\/\/www.donadonsdd.com\/wp-content\/uploads\/2025\/12\/donadon-39_result.webp","attachment_id":6546}]},"tabella-specifiche":{"type":"wysiwyg","raw":"MODEL|SCD;\r\nMATERIAIS|A\u00e7o inoxid\u00e1vel, Liga 201, Liga 400, Liga 600, Liga 625, Liga C276, Tit\u00e2nio;\r\nDIMENS\u00d5ES|Desde DN15 (\u00bd polegada) at\u00e9 DN900 (36 polegadas);\r\nPRESS\u00c3O DE RUPTURA|1 - 600 bar g (dependendo do tamanho e do material);\r\nKR GL|1.33;\r\nTOLER\u00c2NCIA|de +\/- 5 % a +\/- 20%;\r\nTEMPERATURA DE FUNCIONAMENTO|De - 196\u00b0C at\u00e9 600\u00b0C;\r\nFRAGMENTA\u00c7\u00c3O|N\u00e3o;\r\nUTILIZA\u00c7\u00c3O EM COMBINA\u00c7\u00c3O COM PSV|Adequado;\r\nMARGEM DE FUNCIONAMENTO|Pode atingir at\u00e9 85%, dependendo das condi\u00e7\u00f5es de servi\u00e7o;\r\nRESIST\u00caNCIA \u00c0 PRESS\u00c3O DE V\u00c1CUO|Sim, autossustent\u00e1vel em condi\u00e7\u00f5es de v\u00e1cuo;\r\nRESIST\u00caNCIA \u00c0 CORROS\u00c3O|Muito bom;\r\nRevestimentos|Dispon\u00edveis em PTFE e PFA;\r\nTITULAR| <a href=\"https:\/\/www.donadonsdd.com\/pt-pt\/produto\/hia-hra\/\">HRA<\/a>, <a href=\"https:\/\/www.donadonsdd.com\/pt-pt\/produto\/hip-hrp\/\">HRP<\/a>, <a href=\"https:\/\/www.donadonsdd.com\/pt-pt\/produto\/hif-hrf\/\">HRF<\/a>;\r\nSENSOR DE RUPTURA| <a href=\"https:\/\/www.donadonsdd.com\/pt-pt\/produtos\/sensores-de-ruptura\/eletrico\/\">El\u00e9trico<\/a>, <a href=\"https:\/\/www.donadonsdd.com\/pt-pt\/produtos\/sensores-de-ruptura\/magnetico\/\">Magn\u00e9tico<\/a>, <a href=\"https:\/\/www.donadonsdd.com\/pt-pt\/produtos\/sensores-de-ruptura\/indutivo\/\">Indutivo<\/a>;"}}},"_links":{"self":[{"href":"https:\/\/www.donadonsdd.com\/pt-pt\/wp-json\/wp\/v2\/product\/6545","targetHints":{"allow":["GET"]}}],"collection":[{"href":"https:\/\/www.donadonsdd.com\/pt-pt\/wp-json\/wp\/v2\/product"}],"about":[{"href":"https:\/\/www.donadonsdd.com\/pt-pt\/wp-json\/wp\/v2\/types\/product"}],"wp:featuredmedia":[{"embeddable":true,"href":"https:\/\/www.donadonsdd.com\/pt-pt\/wp-json\/wp\/v2\/media\/6548"}],"wp:attachment":[{"href":"https:\/\/www.donadonsdd.com\/pt-pt\/wp-json\/wp\/v2\/media?parent=6545"}],"wp:term":[{"taxonomy":"categoria_prodotto","embeddable":true,"href":"https:\/\/www.donadonsdd.com\/pt-pt\/wp-json\/wp\/v2\/categoria_prodotto?post=6545"}],"curies":[{"name":"wp","href":"https:\/\/api.w.org\/{rel}","templated":true}]}}