{"id":6565,"date":"2025-12-10T14:46:01","date_gmt":"2025-12-10T13:46:01","guid":{"rendered":"https:\/\/www.donadonsdd.com\/product\/discos-de-rutura-scd-para-aplicacao-em-sf6\/"},"modified":"2026-02-28T00:22:10","modified_gmt":"2026-02-27T23:22:10","slug":"scd-sf6-application","status":"publish","type":"product","link":"https:\/\/www.donadonsdd.com\/pt-pt\/produto\/scd-sf6-application\/","title":{"rendered":"Discos de rutura SCD para aplica\u00e7\u00e3o em SF6"},"content":{"rendered":"<p>Os Discos de rutura de a\u00e7\u00e3o frontal SCD da DonadonSDD s\u00e3o dispositivos de seguran\u00e7a vitais que evitam que varia\u00e7\u00f5es s\u00fabitas de press\u00e3o danifiquem as instala\u00e7\u00f5es industriais. Os Discos de rutura Forward acting t\u00eam uma curvatura c\u00f4ncava que permanece inalterada sob press\u00e3o de funcionamento at\u00e9 que a press\u00e3o de ajuste seja atingida, o que pode garantir uma longa vida \u00fatil. Os discos de rutura SCD da DonadonSDD proporcionam uma prote\u00e7\u00e3o fi\u00e1vel e precisa nas mais diversas e exigentes aplica\u00e7\u00f5es, tornando os discos de rutura SCD da DonadonSDD a melhor escolha para a seguran\u00e7a da sua f\u00e1brica. Os nossos Discos de Rutura SCD podem ser especificamente concebidos para proteger sistemas isolados a g\u00e1s contra picos de press\u00e3o e conter g\u00e1s SF6.   <\/p>\n<h2>Principais carater\u00edsticas e vantagens t\u00e9cnicas<\/h2>\n<h3>Tecnologia avan\u00e7ada:<\/h3>\n<p>Os discos de rutura SCD obtidos com a nossa tecnologia patenteada Laser NS NanoScored s\u00e3o discos de compress\u00e3o para a frente com sec\u00e7\u00f5es calibradas micro pontuadas que se abrem em p\u00e9talas, reduzindo o risco de descolamento das p\u00e9talas.<\/p>\n<h3>Desempenho fi\u00e1vel:<\/h3>\n<p>Resiste a milhares de ciclos sem comprometer a sua fiabilidade, com rela\u00e7\u00f5es at\u00e9 85% entre a press\u00e3o de funcionamento e a press\u00e3o de rutura.<\/p>\n<h3>Rutura r\u00e1pida:<\/h3>\n<p>Os discos reagem a uma press\u00e3o excessiva em poucos milissegundos com uma abertura total ao longo das linhas de p\u00e9talas marcadas no lado a jusante do disco.<\/p>\n<h3>Alta press\u00e3o de rutura:<\/h3>\n<p>Especialmente adequado para press\u00f5es de rebentamento elevadas; pode ser utilizado em condi\u00e7\u00f5es c\u00edclicas e pulsantes sem redu\u00e7\u00e3o das margens de seguran\u00e7a.<\/p>\n<h2>Por que escolher os discos de rutura DonadonSDD SCD?<\/h2>\n<ul>\n<li>Os discos de rutura SCD da DonadonSDD s\u00e3o certificados de acordo com os mais elevados padr\u00f5es de seguran\u00e7a, proporcionando uma prote\u00e7\u00e3o fi\u00e1vel para a sua instala\u00e7\u00e3o industrial.<\/li>\n<li>Os nossos discos SF6 s\u00e3o concebidos para instala\u00e7\u00e3o direta no equipamento, dentro de flanges espec\u00edficas do cliente.<\/li>\n<li>Resist\u00eancia ao v\u00e1cuo: N\u00e3o necessita de suporte de v\u00e1cuo, evitando restri\u00e7\u00f5es na \u00e1rea de descarga. Estanqueidade superior quando acoplado a um O-ring. <\/li>\n<\/ul>\n","protected":false},"excerpt":{"rendered":"<p>Os Discos de rutura de a\u00e7\u00e3o frontal SCD da DonadonSDD s\u00e3o dispositivos de seguran\u00e7a vitais que evitam que varia\u00e7\u00f5es s\u00fabitas de press\u00e3o danifiquem as instala\u00e7\u00f5es industriais. Os Discos de rutura Forward acting t\u00eam uma curvatura c\u00f4ncava que permanece inalterada sob press\u00e3o de funcionamento at\u00e9 que a press\u00e3o de ajuste seja atingida, o que pode garantir [&hellip;]<\/p>\n","protected":false},"featured_media":6568,"menu_order":0,"template":"","meta":{"_acf_changed":false},"categoria_prodotto":[79,91],"class_list":["post-6565","product","type-product","status-publish","has-post-thumbnail","hentry","categoria_prodotto-rupture-discs","categoria_prodotto-special-executions"],"acf":[],"yoast_head":"<!-- This site is optimized with the Yoast SEO plugin v27.3 - https:\/\/yoast.com\/product\/yoast-seo-wordpress\/ -->\n<title>Disco de rutura de a\u00e7\u00e3o frontal para SF6 GIS - SCD<\/title>\n<meta name=\"description\" content=\"Disco de rutura Forward acting para sistemas isolados a g\u00e1s SF6 (GIS). Concebido para press\u00f5es de rutura elevadas e condi\u00e7\u00f5es c\u00edclicas, com um design n\u00e3o fragmentado e instala\u00e7\u00e3o compat\u00edvel entre flanges ou caixas.\" \/>\n<meta name=\"robots\" content=\"index, follow, max-snippet:-1, max-image-preview:large, max-video-preview:-1\" \/>\n<link rel=\"canonical\" href=\"https:\/\/www.donadonsdd.com\/pt-pt\/produto\/scd-sf6-application\/\" \/>\n<meta property=\"og:locale\" content=\"pt_PT\" \/>\n<meta property=\"og:type\" content=\"article\" \/>\n<meta property=\"og:title\" content=\"Disco de rutura de a\u00e7\u00e3o frontal para SF6 GIS - SCD\" \/>\n<meta property=\"og:description\" content=\"Disco de rutura Forward acting para sistemas isolados a g\u00e1s SF6 (GIS). Concebido para press\u00f5es de rutura elevadas e condi\u00e7\u00f5es c\u00edclicas, com um design n\u00e3o fragmentado e instala\u00e7\u00e3o compat\u00edvel entre flanges ou caixas.\" \/>\n<meta property=\"og:url\" content=\"https:\/\/www.donadonsdd.com\/pt-pt\/produto\/scd-sf6-application\/\" \/>\n<meta property=\"og:site_name\" content=\"DonadonSDD Srl\" \/>\n<meta property=\"article:modified_time\" content=\"2026-02-27T23:22:10+00:00\" \/>\n<meta property=\"og:image\" content=\"https:\/\/www.donadonsdd.com\/wp-content\/uploads\/2025\/12\/donadon-sdd-scd-rupture-discs-special-executions-e1766346832238.png\" \/>\n\t<meta property=\"og:image:width\" content=\"1218\" \/>\n\t<meta property=\"og:image:height\" content=\"812\" \/>\n\t<meta property=\"og:image:type\" content=\"image\/png\" \/>\n<meta name=\"twitter:card\" content=\"summary_large_image\" \/>\n<meta name=\"twitter:label1\" content=\"Tempo estimado de leitura\" \/>\n\t<meta name=\"twitter:data1\" content=\"2 minutos\" \/>\n<script type=\"application\/ld+json\" class=\"yoast-schema-graph\">{\"@context\":\"https:\\\/\\\/schema.org\",\"@graph\":[{\"@type\":\"WebPage\",\"@id\":\"https:\\\/\\\/www.donadonsdd.com\\\/pt-pt\\\/produto\\\/scd-sf6-application\\\/\",\"url\":\"https:\\\/\\\/www.donadonsdd.com\\\/pt-pt\\\/produto\\\/scd-sf6-application\\\/\",\"name\":\"Disco de rutura de a\u00e7\u00e3o frontal para SF6 GIS - SCD\",\"isPartOf\":{\"@id\":\"https:\\\/\\\/www.donadonsdd.com\\\/pt-pt\\\/#website\"},\"primaryImageOfPage\":{\"@id\":\"https:\\\/\\\/www.donadonsdd.com\\\/pt-pt\\\/produto\\\/scd-sf6-application\\\/#primaryimage\"},\"image\":{\"@id\":\"https:\\\/\\\/www.donadonsdd.com\\\/pt-pt\\\/produto\\\/scd-sf6-application\\\/#primaryimage\"},\"thumbnailUrl\":\"https:\\\/\\\/www.donadonsdd.com\\\/wp-content\\\/uploads\\\/2025\\\/12\\\/donadon-sdd-scd-rupture-discs-special-executions-e1766346832238.png\",\"datePublished\":\"2025-12-10T13:46:01+00:00\",\"dateModified\":\"2026-02-27T23:22:10+00:00\",\"description\":\"Disco de rutura Forward acting para sistemas isolados a g\u00e1s SF6 (GIS). Concebido para press\u00f5es de rutura elevadas e condi\u00e7\u00f5es c\u00edclicas, com um design n\u00e3o fragmentado e instala\u00e7\u00e3o compat\u00edvel entre flanges ou caixas.\",\"breadcrumb\":{\"@id\":\"https:\\\/\\\/www.donadonsdd.com\\\/pt-pt\\\/produto\\\/scd-sf6-application\\\/#breadcrumb\"},\"inLanguage\":\"pt-PT\",\"potentialAction\":[{\"@type\":\"ReadAction\",\"target\":[\"https:\\\/\\\/www.donadonsdd.com\\\/pt-pt\\\/produto\\\/scd-sf6-application\\\/\"]}]},{\"@type\":\"ImageObject\",\"inLanguage\":\"pt-PT\",\"@id\":\"https:\\\/\\\/www.donadonsdd.com\\\/pt-pt\\\/produto\\\/scd-sf6-application\\\/#primaryimage\",\"url\":\"https:\\\/\\\/www.donadonsdd.com\\\/wp-content\\\/uploads\\\/2025\\\/12\\\/donadon-sdd-scd-rupture-discs-special-executions-e1766346832238.png\",\"contentUrl\":\"https:\\\/\\\/www.donadonsdd.com\\\/wp-content\\\/uploads\\\/2025\\\/12\\\/donadon-sdd-scd-rupture-discs-special-executions-e1766346832238.png\",\"width\":1218,\"height\":812,\"caption\":\"donadon sdd scd discos de rutura execu\u00e7\u00f5es especiais\"},{\"@type\":\"BreadcrumbList\",\"@id\":\"https:\\\/\\\/www.donadonsdd.com\\\/pt-pt\\\/produto\\\/scd-sf6-application\\\/#breadcrumb\",\"itemListElement\":[{\"@type\":\"ListItem\",\"position\":1,\"name\":\"HOMEPAGE\",\"item\":\"https:\\\/\\\/www.donadonsdd.com\\\/pt-pt\\\/\"},{\"@type\":\"ListItem\",\"position\":2,\"name\":\"Discos de rutura SCD para aplica\u00e7\u00e3o em SF6\"}]},{\"@type\":\"WebSite\",\"@id\":\"https:\\\/\\\/www.donadonsdd.com\\\/pt-pt\\\/#website\",\"url\":\"https:\\\/\\\/www.donadonsdd.com\\\/pt-pt\\\/\",\"name\":\"DonadonSDD Srl\",\"description\":\"\",\"publisher\":{\"@id\":\"https:\\\/\\\/www.donadonsdd.com\\\/pt-pt\\\/#organization\"},\"potentialAction\":[{\"@type\":\"SearchAction\",\"target\":{\"@type\":\"EntryPoint\",\"urlTemplate\":\"https:\\\/\\\/www.donadonsdd.com\\\/pt-pt\\\/?s={search_term_string}\"},\"query-input\":{\"@type\":\"PropertyValueSpecification\",\"valueRequired\":true,\"valueName\":\"search_term_string\"}}],\"inLanguage\":\"pt-PT\"},{\"@type\":\"Organization\",\"@id\":\"https:\\\/\\\/www.donadonsdd.com\\\/pt-pt\\\/#organization\",\"name\":\"DonadonSDD Srl\",\"url\":\"https:\\\/\\\/www.donadonsdd.com\\\/pt-pt\\\/\",\"logo\":{\"@type\":\"ImageObject\",\"inLanguage\":\"pt-PT\",\"@id\":\"https:\\\/\\\/www.donadonsdd.com\\\/pt-pt\\\/#\\\/schema\\\/logo\\\/image\\\/\",\"url\":\"https:\\\/\\\/www.donadonsdd.com\\\/wp-content\\\/uploads\\\/2025\\\/11\\\/donadonsdd-logo.png\",\"contentUrl\":\"https:\\\/\\\/www.donadonsdd.com\\\/wp-content\\\/uploads\\\/2025\\\/11\\\/donadonsdd-logo.png\",\"width\":544,\"height\":96,\"caption\":\"DonadonSDD Srl\"},\"image\":{\"@id\":\"https:\\\/\\\/www.donadonsdd.com\\\/pt-pt\\\/#\\\/schema\\\/logo\\\/image\\\/\"}}]}<\/script>\n<!-- \/ Yoast SEO plugin. -->","yoast_head_json":{"title":"Disco de rutura de a\u00e7\u00e3o frontal para SF6 GIS - SCD","description":"Disco de rutura Forward acting para sistemas isolados a g\u00e1s SF6 (GIS). Concebido para press\u00f5es de rutura elevadas e condi\u00e7\u00f5es c\u00edclicas, com um design n\u00e3o fragmentado e instala\u00e7\u00e3o compat\u00edvel entre flanges ou caixas.","robots":{"index":"index","follow":"follow","max-snippet":"max-snippet:-1","max-image-preview":"max-image-preview:large","max-video-preview":"max-video-preview:-1"},"canonical":"https:\/\/www.donadonsdd.com\/pt-pt\/produto\/scd-sf6-application\/","og_locale":"pt_PT","og_type":"article","og_title":"Disco de rutura de a\u00e7\u00e3o frontal para SF6 GIS - SCD","og_description":"Disco de rutura Forward acting para sistemas isolados a g\u00e1s SF6 (GIS). Concebido para press\u00f5es de rutura elevadas e condi\u00e7\u00f5es c\u00edclicas, com um design n\u00e3o fragmentado e instala\u00e7\u00e3o compat\u00edvel entre flanges ou caixas.","og_url":"https:\/\/www.donadonsdd.com\/pt-pt\/produto\/scd-sf6-application\/","og_site_name":"DonadonSDD Srl","article_modified_time":"2026-02-27T23:22:10+00:00","og_image":[{"width":1218,"height":812,"url":"https:\/\/www.donadonsdd.com\/wp-content\/uploads\/2025\/12\/donadon-sdd-scd-rupture-discs-special-executions-e1766346832238.png","type":"image\/png"}],"twitter_card":"summary_large_image","twitter_misc":{"Tempo estimado de leitura":"2 minutos"},"schema":{"@context":"https:\/\/schema.org","@graph":[{"@type":"WebPage","@id":"https:\/\/www.donadonsdd.com\/pt-pt\/produto\/scd-sf6-application\/","url":"https:\/\/www.donadonsdd.com\/pt-pt\/produto\/scd-sf6-application\/","name":"Disco de rutura de a\u00e7\u00e3o frontal para SF6 GIS - SCD","isPartOf":{"@id":"https:\/\/www.donadonsdd.com\/pt-pt\/#website"},"primaryImageOfPage":{"@id":"https:\/\/www.donadonsdd.com\/pt-pt\/produto\/scd-sf6-application\/#primaryimage"},"image":{"@id":"https:\/\/www.donadonsdd.com\/pt-pt\/produto\/scd-sf6-application\/#primaryimage"},"thumbnailUrl":"https:\/\/www.donadonsdd.com\/wp-content\/uploads\/2025\/12\/donadon-sdd-scd-rupture-discs-special-executions-e1766346832238.png","datePublished":"2025-12-10T13:46:01+00:00","dateModified":"2026-02-27T23:22:10+00:00","description":"Disco de rutura Forward acting para sistemas isolados a g\u00e1s SF6 (GIS). Concebido para press\u00f5es de rutura elevadas e condi\u00e7\u00f5es c\u00edclicas, com um design n\u00e3o fragmentado e instala\u00e7\u00e3o compat\u00edvel entre flanges ou caixas.","breadcrumb":{"@id":"https:\/\/www.donadonsdd.com\/pt-pt\/produto\/scd-sf6-application\/#breadcrumb"},"inLanguage":"pt-PT","potentialAction":[{"@type":"ReadAction","target":["https:\/\/www.donadonsdd.com\/pt-pt\/produto\/scd-sf6-application\/"]}]},{"@type":"ImageObject","inLanguage":"pt-PT","@id":"https:\/\/www.donadonsdd.com\/pt-pt\/produto\/scd-sf6-application\/#primaryimage","url":"https:\/\/www.donadonsdd.com\/wp-content\/uploads\/2025\/12\/donadon-sdd-scd-rupture-discs-special-executions-e1766346832238.png","contentUrl":"https:\/\/www.donadonsdd.com\/wp-content\/uploads\/2025\/12\/donadon-sdd-scd-rupture-discs-special-executions-e1766346832238.png","width":1218,"height":812,"caption":"donadon sdd scd discos de rutura execu\u00e7\u00f5es especiais"},{"@type":"BreadcrumbList","@id":"https:\/\/www.donadonsdd.com\/pt-pt\/produto\/scd-sf6-application\/#breadcrumb","itemListElement":[{"@type":"ListItem","position":1,"name":"HOMEPAGE","item":"https:\/\/www.donadonsdd.com\/pt-pt\/"},{"@type":"ListItem","position":2,"name":"Discos de rutura SCD para aplica\u00e7\u00e3o em SF6"}]},{"@type":"WebSite","@id":"https:\/\/www.donadonsdd.com\/pt-pt\/#website","url":"https:\/\/www.donadonsdd.com\/pt-pt\/","name":"DonadonSDD Srl","description":"","publisher":{"@id":"https:\/\/www.donadonsdd.com\/pt-pt\/#organization"},"potentialAction":[{"@type":"SearchAction","target":{"@type":"EntryPoint","urlTemplate":"https:\/\/www.donadonsdd.com\/pt-pt\/?s={search_term_string}"},"query-input":{"@type":"PropertyValueSpecification","valueRequired":true,"valueName":"search_term_string"}}],"inLanguage":"pt-PT"},{"@type":"Organization","@id":"https:\/\/www.donadonsdd.com\/pt-pt\/#organization","name":"DonadonSDD Srl","url":"https:\/\/www.donadonsdd.com\/pt-pt\/","logo":{"@type":"ImageObject","inLanguage":"pt-PT","@id":"https:\/\/www.donadonsdd.com\/pt-pt\/#\/schema\/logo\/image\/","url":"https:\/\/www.donadonsdd.com\/wp-content\/uploads\/2025\/11\/donadonsdd-logo.png","contentUrl":"https:\/\/www.donadonsdd.com\/wp-content\/uploads\/2025\/11\/donadonsdd-logo.png","width":544,"height":96,"caption":"DonadonSDD Srl"},"image":{"@id":"https:\/\/www.donadonsdd.com\/pt-pt\/#\/schema\/logo\/image\/"}}]}},"toolset-meta":{"toolset-woocommerce-fields":{"_download_limit":{"type":"numeric","raw":""},"_virtual":{"type":"checkbox","raw":""},"_downloadable":{"type":"checkbox","raw":""},"_download_expiry":{"type":"numeric","raw":""},"_download_type":{"type":"radio","raw":""},"_regular_price":{"type":"numeric","raw":""},"_sale_price":{"type":"numeric","raw":""},"_sale_price_dates_from":{"type":"date","raw":"","formatted":null},"_sale_price_dates_to":{"type":"date","raw":"","formatted":null},"_sku":{"type":"textfield","raw":""},"_manage_stock":{"type":"checkbox","raw":""},"_stock_status":{"type":"radio","raw":""},"_stock":{"type":"numeric","raw":""},"_backorders":{"type":"radio","raw":""},"_sold_individually":{"type":"checkbox","raw":""},"_width":{"type":"numeric","raw":""},"_weight":{"type":"numeric","raw":""},"_length":{"type":"numeric","raw":""},"_purchase_note":{"type":"textarea","raw":""}},"infografica":{"operation-ratio":{"type":"textfield","raw":"at\u00e9 85%"},"non-fragmenting":{"type":"textfield","raw":"sim"},"vacumm-resistant":{"type":"textfield","raw":"sim"},"sanitary":{"type":"textfield","raw":"n\u00e3o"},"liquid":{"type":"textfield","raw":"n\u00e3o"},"vapor-gas":{"type":"textfield","raw":"sim"},"ferrules":{"type":"textfield","raw":""}},"dettagli-prodotto":{"immagini-prodotto":{"type":"image","raw":["https:\/\/www.donadonsdd.com\/wp-content\/uploads\/2025\/12\/donadon-28_result.webp"],"repeatable":[{"raw":"https:\/\/www.donadonsdd.com\/wp-content\/uploads\/2025\/12\/donadon-28_result.webp","attachment_id":8008}]},"tabella-specifiche":{"type":"wysiwyg","raw":""}}},"_links":{"self":[{"href":"https:\/\/www.donadonsdd.com\/pt-pt\/wp-json\/wp\/v2\/product\/6565","targetHints":{"allow":["GET"]}}],"collection":[{"href":"https:\/\/www.donadonsdd.com\/pt-pt\/wp-json\/wp\/v2\/product"}],"about":[{"href":"https:\/\/www.donadonsdd.com\/pt-pt\/wp-json\/wp\/v2\/types\/product"}],"wp:featuredmedia":[{"embeddable":true,"href":"https:\/\/www.donadonsdd.com\/pt-pt\/wp-json\/wp\/v2\/media\/6568"}],"wp:attachment":[{"href":"https:\/\/www.donadonsdd.com\/pt-pt\/wp-json\/wp\/v2\/media?parent=6565"}],"wp:term":[{"taxonomy":"categoria_prodotto","embeddable":true,"href":"https:\/\/www.donadonsdd.com\/pt-pt\/wp-json\/wp\/v2\/categoria_prodotto?post=6565"}],"curies":[{"name":"wp","href":"https:\/\/api.w.org\/{rel}","templated":true}]}}